{"id":1001,"date":"2016-12-25T05:39:41","date_gmt":"2016-12-25T05:39:41","guid":{"rendered":"http:\/\/spiritual.premiumthemes.in\/?page_id=1001"},"modified":"2017-06-27T16:30:40","modified_gmt":"2017-06-27T19:30:40","slug":"home","status":"publish","type":"page","link":"https:\/\/www.9digitaltec.com.br\/","title":{"rendered":"Home"},"content":{"rendered":"<h2 class=\"titulo\" style=\"text-align: center;\"><span style=\"color: #3366ff;\">SEJA GRANDE, SEJA DIGITAL<br \/>\n<\/span><\/h2>\n<p class=\"desc\" style=\"text-align: center; padding-left: 30px;\">O conhecimento gera poder, mas s\u00f3 a 9digital gera competitividade.<!--more--><\/p>\n<hr \/>\n<p class=\"desc\" style=\"padding-left: 110px; text-align: center;\"><span style=\"color: #000000;\">\u00a0Antes de qualquer contrata\u00e7\u00e3o de servi\u00e7o \u00e9 importante consultar o que realmente voc\u00ea e\/ou sua empresa precisa,\u00a0 estamos prontos para ajudar e oferecer o melhor servi\u00e7o, para que o seu neg\u00f3cio esteja em boas m\u00e3os.<\/span><\/p>\n<h2 class=\"desc\" style=\"padding-left: 110px; text-align: center;\">O que \u00e9 necess\u00e1rio para ter um site profissional?<\/h2>\n<p style=\"text-align: center;\"><img decoding=\"async\" class=\"aligncenter wp-image-1664 size-full\" src=\"http:\/\/www.9digital.com.br\/wp-content\/uploads\/2016\/12\/o-que-preciso-para-ter-um-site-728x349.png\" alt=\"\" width=\"728\" height=\"349\" srcset=\"https:\/\/www.9digitaltec.com.br\/wp-content\/uploads\/2016\/12\/o-que-preciso-para-ter-um-site-728x349.png 728w, https:\/\/www.9digitaltec.com.br\/wp-content\/uploads\/2016\/12\/o-que-preciso-para-ter-um-site-728x349-300x144.png 300w\" sizes=\"(max-width: 728px) 100vw, 728px\" \/><\/p>\n<p style=\"text-align: left;\">Independente do tipo de site, existem dois\u00a0itens b\u00e1sicos que\u00a0todo site precisa ter: um dom\u00ednio e uma hospedagem.<\/p>\n<ul>\n<li style=\"text-align: left;\">Um dom\u00ednio nacional que \u00e9 o mais utilizado e registrado no Registro.br custa R$ 40 por ano e o per\u00edodo do registro vai de um a dez\u00a0anos.<\/li>\n<li style=\"text-align: left;\">O custo de uma hospedagem pode variar bastante dependendo do tipo de site que voc\u00ea pretende ter, apresentando uma m\u00e9dia de valores que pode ficar de R$ 6,90 a R$\u00a040 por m\u00eas, para os planos de entrada. Ao\u00a0escolher ciclos mais longos, \u00e9 poss\u00edvel ganhar descontos.<\/li>\n<\/ul>\n<hr \/>\n<h2 class=\"desc\" style=\"padding-left: 110px; text-align: center;\">Quais as vantagens de um sistema de controle de estoque?<\/h2>\n<h2 class=\"desc\" style=\"padding-left: 110px; text-align: center;\">\u00a0<img decoding=\"async\" class=\"alignnone wp-image-1675\" src=\"http:\/\/www.9digital.com.br\/wp-content\/uploads\/2016\/12\/o-que-fazer-para-ter-um-controle-de-estoque-eficiente-300x200.jpeg\" alt=\"\" width=\"425\" height=\"283\" srcset=\"https:\/\/www.9digitaltec.com.br\/wp-content\/uploads\/2016\/12\/o-que-fazer-para-ter-um-controle-de-estoque-eficiente-300x200.jpeg 300w, https:\/\/www.9digitaltec.com.br\/wp-content\/uploads\/2016\/12\/o-que-fazer-para-ter-um-controle-de-estoque-eficiente-768x512.jpeg 768w, https:\/\/www.9digitaltec.com.br\/wp-content\/uploads\/2016\/12\/o-que-fazer-para-ter-um-controle-de-estoque-eficiente-514x342.jpeg 514w, https:\/\/www.9digitaltec.com.br\/wp-content\/uploads\/2016\/12\/o-que-fazer-para-ter-um-controle-de-estoque-eficiente.jpeg 1000w\" sizes=\"(max-width: 425px) 100vw, 425px\" \/><\/h2>\n<p>Entre tantas as vantagens de se ter um controle de estoque, selecionamos\u00a0 3 que consideramos principais:<\/p>\n<ul>\n<li>Otimiza\u00e7\u00e3o dos processos &#8211; Voc\u00ea informatiza seus trabalhos repetitivos do dia a dia\u00a0 e elimina processos arcaicos, que demandam uso de papel ou planilhas, trazendo-lhes facilidade e agilidade para sua empresa.<\/li>\n<li>Preven\u00e7\u00e3o de preju\u00edzos &#8211; A obter um sistema, voc\u00ea vai saber com precis\u00e3o quais produtos est\u00e3o saindo rapidamente e quais est\u00e3o demorando para sair, qual a frequ\u00eancia de reposi\u00e7\u00e3o das mercadorias e muitas outras informa\u00e7\u00f5es.<\/li>\n<li>Redu\u00e7\u00e3o no \u00edndice de erros &#8211; No meio das demanda de servi\u00e7os, acaba sendo imposs\u00edvel n\u00e3o deixar que alguma situa\u00e7\u00e3o passe despercebida. Estes erro pode causar dificuldades na hora de conciliar os dados, O ac\u00famulo de erros com o passar do tempo podem at\u00e9 trazer grandes transtornos para a empresa.<\/li>\n<\/ul>\n<p>&nbsp;<\/p>\n","protected":false},"excerpt":{"rendered":"<p>SEJA GRANDE, SEJA DIGITAL O conhecimento gera poder, mas s\u00f3 a 9digital gera competitividade.<\/p>\n","protected":false},"author":1,"featured_media":0,"parent":0,"menu_order":0,"comment_status":"closed","ping_status":"closed","template":"","meta":{"footnotes":""},"_links":{"self":[{"href":"https:\/\/www.9digitaltec.com.br\/index.php\/wp-json\/wp\/v2\/pages\/1001"}],"collection":[{"href":"https:\/\/www.9digitaltec.com.br\/index.php\/wp-json\/wp\/v2\/pages"}],"about":[{"href":"https:\/\/www.9digitaltec.com.br\/index.php\/wp-json\/wp\/v2\/types\/page"}],"author":[{"embeddable":true,"href":"https:\/\/www.9digitaltec.com.br\/index.php\/wp-json\/wp\/v2\/users\/1"}],"replies":[{"embeddable":true,"href":"https:\/\/www.9digitaltec.com.br\/index.php\/wp-json\/wp\/v2\/comments?post=1001"}],"version-history":[{"count":45,"href":"https:\/\/www.9digitaltec.com.br\/index.php\/wp-json\/wp\/v2\/pages\/1001\/revisions"}],"predecessor-version":[{"id":1766,"href":"https:\/\/www.9digitaltec.com.br\/index.php\/wp-json\/wp\/v2\/pages\/1001\/revisions\/1766"}],"wp:attachment":[{"href":"https:\/\/www.9digitaltec.com.br\/index.php\/wp-json\/wp\/v2\/media?parent=1001"}],"curies":[{"name":"wp","href":"https:\/\/api.w.org\/{rel}","templated":true}]}}