{"id":1025,"date":"2016-12-25T05:20:28","date_gmt":"2016-12-25T05:20:28","guid":{"rendered":"http:\/\/spiritual.premiumthemes.in\/?page_id=1025"},"modified":"2017-06-13T16:22:22","modified_gmt":"2017-06-13T19:22:22","slug":"quemsomos","status":"publish","type":"page","link":"https:\/\/www.9digitaltec.com.br\/index.php\/quemsomos\/","title":{"rendered":"Quem Somos"},"content":{"rendered":"<h1><span style=\"color: #008080;\">Quem Somos<\/span><\/h1>\n<p>Hoje a tend\u00eancia das organiza\u00e7\u00f5es \u00e9 sistematizar toda a informa\u00e7\u00e3o necess\u00e1ria, para maior controle e agilidade no dia a dia. A Empresa 9Digital surgiu para\u00a0 atender as grandes demandas encontradas no mercado, inicialmente nosso maior objetivo \u00e9 alavancar as empresas dentro do mundo digital.<\/p>\n<p>&nbsp;<\/p>\n<p><img decoding=\"async\" class=\"alignleft wp-image-1550 size-medium\" src=\"http:\/\/www.9digital.com.br\/wp-content\/uploads\/2017\/05\/td_transicao-300x134.jpg\" alt=\"\" width=\"300\" height=\"134\" srcset=\"https:\/\/www.9digitaltec.com.br\/wp-content\/uploads\/2017\/05\/td_transicao-300x134.jpg 300w, https:\/\/www.9digitaltec.com.br\/wp-content\/uploads\/2017\/05\/td_transicao.jpg 750w\" sizes=\"(max-width: 300px) 100vw, 300px\" \/><\/p>\n<p>Estamos prontos para oferecer o melhor para sua empresa,<\/p>\n<p>Nossa miss\u00e3o se revela na busca incessante pelo aperfei\u00e7oamento profissional.<\/p>\n<p>&nbsp;<\/p>\n<p>&nbsp;<\/p>\n<p>&nbsp;<\/p>\n<p>Nossos Servi\u00e7os oferecidos:<br \/>\nCria\u00e7\u00e3o de sites pessoais, Servi\u00e7os de Hospedagem, Sistema para controle de estoque para distribuidoras entre outros.<\/p>\n","protected":false},"excerpt":{"rendered":"<p>Quem Somos Hoje a tend\u00eancia das organiza\u00e7\u00f5es \u00e9 sistematizar toda a informa\u00e7\u00e3o necess\u00e1ria, para maior controle e agilidade no dia a dia. A Empresa 9Digital surgiu para\u00a0 atender as grandes demandas encontradas no mercado, inicialmente nosso maior objetivo \u00e9 alavancar as empresas dentro do mundo digital. &nbsp; Estamos prontos para oferecer o melhor para sua [&hellip;]<\/p>\n","protected":false},"author":1,"featured_media":0,"parent":0,"menu_order":0,"comment_status":"closed","ping_status":"closed","template":"","meta":{"footnotes":""},"_links":{"self":[{"href":"https:\/\/www.9digitaltec.com.br\/index.php\/wp-json\/wp\/v2\/pages\/1025"}],"collection":[{"href":"https:\/\/www.9digitaltec.com.br\/index.php\/wp-json\/wp\/v2\/pages"}],"about":[{"href":"https:\/\/www.9digitaltec.com.br\/index.php\/wp-json\/wp\/v2\/types\/page"}],"author":[{"embeddable":true,"href":"https:\/\/www.9digitaltec.com.br\/index.php\/wp-json\/wp\/v2\/users\/1"}],"replies":[{"embeddable":true,"href":"https:\/\/www.9digitaltec.com.br\/index.php\/wp-json\/wp\/v2\/comments?post=1025"}],"version-history":[{"count":7,"href":"https:\/\/www.9digitaltec.com.br\/index.php\/wp-json\/wp\/v2\/pages\/1025\/revisions"}],"predecessor-version":[{"id":1706,"href":"https:\/\/www.9digitaltec.com.br\/index.php\/wp-json\/wp\/v2\/pages\/1025\/revisions\/1706"}],"wp:attachment":[{"href":"https:\/\/www.9digitaltec.com.br\/index.php\/wp-json\/wp\/v2\/media?parent=1025"}],"curies":[{"name":"wp","href":"https:\/\/api.w.org\/{rel}","templated":true}]}}