{"id":1830,"date":"2017-11-19T21:39:30","date_gmt":"2017-11-19T23:39:30","guid":{"rendered":"http:\/\/www.9digital.com.br\/?page_id=1830"},"modified":"2017-11-21T15:09:44","modified_gmt":"2017-11-21T17:09:44","slug":"sistema-para-distribuidora","status":"publish","type":"page","link":"https:\/\/www.9digitaltec.com.br\/index.php\/sistema-para-distribuidora\/","title":{"rendered":"Sistema Para Distribuidora"},"content":{"rendered":"<h1 style=\"text-align: center;\"><img decoding=\"async\" class=\"alignnone size-full wp-image-1833\" src=\"http:\/\/www.9digital.com.br\/wp-content\/uploads\/2017\/11\/Pagina-Dist.jpg\" alt=\"\" width=\"976\" height=\"329\" srcset=\"https:\/\/www.9digitaltec.com.br\/wp-content\/uploads\/2017\/11\/Pagina-Dist.jpg 976w, https:\/\/www.9digitaltec.com.br\/wp-content\/uploads\/2017\/11\/Pagina-Dist-300x101.jpg 300w, https:\/\/www.9digitaltec.com.br\/wp-content\/uploads\/2017\/11\/Pagina-Dist-768x259.jpg 768w\" sizes=\"(max-width: 976px) 100vw, 976px\" \/><\/h1>\n<p>Solicite nosso sistema para Distribuidora de bebidas, ele conta com tudo que precisa pra controlar seu estoque, ter total gerenciamento financeiro de todos produtos vendidos e recebidos.<\/p>\n<p>O Sistema \u00e9 excelente e aumenta seu controle total da distribuidora. Pelo controle de estoque consegue com precis\u00e3o verificar item a item que foi vendido, os valores e tamb\u00e9m as formas de pagamento, pois s sistema funciona com um caixa financeiro com valor pago e troco ao cliente.<\/p>\n<p style=\"text-align: center;\"><img decoding=\"async\" class=\"alignnone wp-image-1834\" src=\"http:\/\/www.9digital.com.br\/wp-content\/uploads\/2017\/11\/Pagina-Dist2.jpg\" alt=\"\" width=\"594\" height=\"245\" srcset=\"https:\/\/www.9digitaltec.com.br\/wp-content\/uploads\/2017\/11\/Pagina-Dist2.jpg 672w, https:\/\/www.9digitaltec.com.br\/wp-content\/uploads\/2017\/11\/Pagina-Dist2-300x124.jpg 300w\" sizes=\"(max-width: 594px) 100vw, 594px\" \/><\/p>\n<p>Nosso sistema permite a cria\u00e7\u00e3o de usu\u00e1rios e cada um com acesso restrito ao sistema para que o usu\u00e1rio principal possa administrar sem receio que algu\u00e9m altere os valores ou outros.<\/p>\n<p>A funcionalidade do sistema \u00e9 simples e f\u00e1cil, a inclus\u00e3o de produtos e valores s\u00e3o ilimitados, as telas s\u00e3o auto explicativas e totalmente em portugu\u00eas.<\/p>\n<p>O sistema fornece hist\u00f3rico e resumo de vendas di\u00e1rio, mensa e anual. O backup \u00e9 realizado diariamente e em caso de falta de energia ele registra at\u00e9 a venda realizada no momento sem perda de dados.<\/p>\n<h4 style=\"text-align: center;\">Com um gerenciamento completo da distribuidora voc\u00ea pode investir e expandir sua marca.<\/h4>\n<p>Os produtos s\u00e3o registrados atrav\u00e9s de c\u00f3digo de barras caso o usu\u00e1rio queira, pois com o c\u00f3digo o cadastro e venda dos produtos s\u00e3o bem \u00e1geis, funciona como passar as compras num caixa de mercado.<\/p>\n<h4>Descubra as funcionalidades do SISTEMA EXCLUSIVO PARA DISTRIBUIDORA DE BEBIDAS, ele atende as necessidades de sua distribuidora e resolve seu controle financeiro e de estoque.<\/h4>\n<p>Solicite nossa vers\u00e3o de demonstra\u00e7\u00e3o, ligue ou mande mensagem para 41 99929 2949, e mail: <a href=\"mailto:contato@9digital.com.br\">contato@9digital.com.br<\/a> ou mande uma mensagem pelo contato no site.<\/p>\n<p style=\"text-align: center;\"><img decoding=\"async\" class=\"alignnone size-full wp-image-1835\" src=\"http:\/\/www.9digital.com.br\/wp-content\/uploads\/2017\/11\/Dist-1.jpg\" alt=\"\" width=\"1001\" height=\"548\" srcset=\"https:\/\/www.9digitaltec.com.br\/wp-content\/uploads\/2017\/11\/Dist-1.jpg 1001w, https:\/\/www.9digitaltec.com.br\/wp-content\/uploads\/2017\/11\/Dist-1-300x164.jpg 300w, https:\/\/www.9digitaltec.com.br\/wp-content\/uploads\/2017\/11\/Dist-1-768x420.jpg 768w\" sizes=\"(max-width: 1001px) 100vw, 1001px\" \/><\/p>\n","protected":false},"excerpt":{"rendered":"<p>Solicite nosso sistema para Distribuidora de bebidas, ele conta com tudo que precisa pra controlar seu estoque, ter total gerenciamento financeiro de todos produtos vendidos e recebidos. O Sistema \u00e9 excelente e aumenta seu controle total da distribuidora. Pelo controle de estoque consegue com precis\u00e3o verificar item a item que foi vendido, os valores e [&hellip;]<\/p>\n","protected":false},"author":1,"featured_media":0,"parent":0,"menu_order":0,"comment_status":"closed","ping_status":"closed","template":"","meta":{"footnotes":""},"_links":{"self":[{"href":"https:\/\/www.9digitaltec.com.br\/index.php\/wp-json\/wp\/v2\/pages\/1830"}],"collection":[{"href":"https:\/\/www.9digitaltec.com.br\/index.php\/wp-json\/wp\/v2\/pages"}],"about":[{"href":"https:\/\/www.9digitaltec.com.br\/index.php\/wp-json\/wp\/v2\/types\/page"}],"author":[{"embeddable":true,"href":"https:\/\/www.9digitaltec.com.br\/index.php\/wp-json\/wp\/v2\/users\/1"}],"replies":[{"embeddable":true,"href":"https:\/\/www.9digitaltec.com.br\/index.php\/wp-json\/wp\/v2\/comments?post=1830"}],"version-history":[{"count":5,"href":"https:\/\/www.9digitaltec.com.br\/index.php\/wp-json\/wp\/v2\/pages\/1830\/revisions"}],"predecessor-version":[{"id":1841,"href":"https:\/\/www.9digitaltec.com.br\/index.php\/wp-json\/wp\/v2\/pages\/1830\/revisions\/1841"}],"wp:attachment":[{"href":"https:\/\/www.9digitaltec.com.br\/index.php\/wp-json\/wp\/v2\/media?parent=1830"}],"curies":[{"name":"wp","href":"https:\/\/api.w.org\/{rel}","templated":true}]}}